{"id":82,"date":"2025-10-11T17:14:30","date_gmt":"2025-10-11T15:14:30","guid":{"rendered":"https:\/\/beatasobieraj.xaa.pl\/?page_id=82"},"modified":"2025-10-19T15:51:32","modified_gmt":"2025-10-19T13:51:32","slug":"oplaty-za-konta","status":"publish","type":"page","link":"https:\/\/beatasobieraj.xaa.pl\/index.php\/oplaty-za-konta\/","title":{"rendered":"Op\u0142aty za konta"},"content":{"rendered":"<h2 style=\"text-align: center;\"><span style=\"color: #57818c;\">Jak unikn\u0105\u0107 op\u0142at za konta?<\/span><\/h2>\n<p>&nbsp;<\/p>\n<p style=\"text-align: center;\">Ka\u017cdy bank posiada swoje zasady aktywnego korzystania z ich kont osobistych. W momencie nie korzystania z konta, banki mog\u0105 nalicza\u0107 sobie drobne op\u0142aty co miesi\u0105c. W miesi\u0105cu otwarcia konta bank nie pobiera \u017cadnych op\u0142at. Dopiero od drugiego miesi\u0105ca mog\u0105 by\u0107 pobierane op\u0142aty. Ale spokojnie, warunki s\u0105 proste do spe\u0142nienia, wi\u0119c bez problemu sobie z nimi poradzisz.\u00a0\ud83d\ude09<\/p>\n<p style=\"text-align: center;\">Przygotowa\u0142am zestawienie warunk\u00f3w, jakie trzeba spe\u0142ni\u0107 w poszczeg\u00f3lnych bankach, aby unikn\u0105\u0107 niechcianych dodatkowych koszt\u00f3w. Wyszukaj te banki, kt\u00f3re dotycz\u0105 Ciebie i zanotuj sobie dane warunki, aby mie\u0107 wiedz\u0119 na przysz\u0142o\u015b\u0107 jak zapobiec tym op\u0142atom.<\/p>\n<p><img decoding=\"async\" src=\"https:\/\/beatasobieraj.xaa.pl\/wp-content\/uploads\/2025\/10\/IMG_2740.png\" alt=\"\" width=\"300\" height=\"156\" class=\"alignnone size-full wp-image-109\" \/><\/p>\n<h5><span style=\"color: #448585;\"><strong>KONTO PONI\u017bEJ 26 R.\u017b.:<\/strong><\/span><\/h5>\n<ul>\n<li>0 z\u0142 za konto<\/li>\n<li>0z\u0142 za kart\u0119,\u00a0je\u015bli klient dokona <strong><span style=\"color: #448585;\">kart\u0105 transakcji<\/span><\/strong> za min.<strong><span style=\"color: #448585;\"> 300 z\u0142<\/span><\/strong>\/miesi\u0105c (w innym przypadku to koszt <strong><span style=\"color: #448585;\">5 z\u0142<\/span><\/strong>)<\/li>\n<\/ul>\n<h5><span style=\"color: #448585;\"><strong>KONTO POWY\u017bEJ 26 R.\u017b.:<\/strong><\/span><\/h5>\n<ul>\n<li>0 z\u0142 za konto, je\u015bli klient zapewni co miesi\u0119czny <strong><span style=\"color: #448585;\">wp\u0142yw<\/span><\/strong> min. <span style=\"color: #448585;\"><strong>1500<\/strong> <strong>z\u0142<\/strong><\/span>\u00a0(w innym wypadku to koszt <strong><span style=\"color: #448585;\">10 z\u0142<\/span><\/strong>)<\/li>\n<li>0z\u0142 za kart\u0119,\u00a0je\u015bli klient dokona<strong><span style=\"color: #448585;\"> kart\u0105 transakcji<\/span><\/strong> za min. <strong><span style=\"color: #448585;\">300 z\u0142<\/span><\/strong>\/miesi\u0105c (w innym przypadku to koszt <strong><span style=\"color: #448585;\">5 z\u0142<\/span><\/strong>)<\/li>\n<\/ul>\n<p>(Je\u015bli nie chcesz wydawa\u0107 miesi\u0119cznie 300z\u0142 na zakupy, kart\u0119 mo\u017cna zastrzec loguj\u0105c si\u0119 w bankowo\u015bci internetowej- w aplikacji nie mo\u017cna)<\/p>\n<p>&nbsp;<\/p>\n<p><img decoding=\"async\" src=\"https:\/\/beatasobieraj.xaa.pl\/wp-content\/uploads\/2025\/10\/IMG_2735.png\" alt=\"\" width=\"300\" height=\"150\" class=\"alignnone size-full wp-image-105\" \/><\/p>\n<p><strong style=\"color: #448585; font-size: 23px;\">Konto &#8222;Otwarte na Ciebie&#8221;<\/strong><span style=\"color: #448585; font-size: 23px;\">:<\/span><\/p>\n<div class=\"WaaZC\">\n<div class=\"RJPOee EIJn2\">\n<div class=\"zMgcWd dSKvsb\" data-il=\"\">\n<div data-crb-p=\"\">\n<div class=\"xFTqob\">\n<p><span data-huuid=\"10133731160665891099\">Miesi\u0119czna op\u0142ata wynosi <strong><span style=\"color: #448585;\">0 z\u0142<\/span><\/strong> pod warunkiem co najmniej jednego logowania do bankowo\u015bci elektronicznej lub aplikacji mobilnej w danym miesi\u0105cu oraz aktywacji zg\u00f3d marketingowych. <\/span><span data-huuid=\"10133731160665892690\">W przeciwnym razie op\u0142ata wynosi <span style=\"color: #448585;\"><strong>2,50 z\u0142.<\/strong><\/span><\/span><\/p>\n<div class=\"NPrrbc\" data-cid=\"69cd2b1e-6e2e-4842-a980-043fb6e8da71\" data-uuids=\"10133731160665893604,10133731160665891099,10133731160665892690\">\n<div jsname=\"HtgYJd\" class=\"BMebGe btku5b LwdV0e FR7ZSc OJeuxf\" jsaction=\"KjsqPd\" aria-label=\"Wy\u015bwietl powi\u0105zane materia\u0142y\" role=\"button\" data-hveid=\"CBQQAQ\" data-ved=\"2ahUKEwj89rSksbCQAxXOcvEDHQJVNiUQ3fYKegQIFBAB\" tabindex=\"0\">\n<p><span><span style=\"color: #448585;\"><strong>0 z\u0142<\/strong><\/span> za u\u017cytkowanie karty debetowej dla posiadacza, kt\u00f3ry <span style=\"color: #448585;\"><strong>nie uko\u0144czy\u0142 26. roku \u017cycia<\/strong><\/span> oraz dla posiadacza <span style=\"color: #448585;\"><strong>powy\u017cej 26 r.\u017c.<\/strong><\/span>pod warunkiem wykonania w miesi\u0105cu poprzedzaj\u0105cym pobranej op\u0142aty<span style=\"color: #448585;\"><strong>3 transakcji<\/strong><\/span> bezgot\u00f3wkowych miesi\u0119cznie (w innym wypadku op\u0142ata wyniesie <span style=\"color: #448585;\"><strong>7 z\u0142<\/strong><\/span>miesi\u0119cznie).<\/span><\/p>\n<p>Mo\u017cna zadzwoni\u0107 na infolinie i zastrzec kart\u0119 wtedy konto b\u0119dzie ca\u0142kowicie za darmo.<\/p>\n<\/div>\n<p><img fetchpriority=\"high\" decoding=\"async\" src=\"https:\/\/beatasobieraj.xaa.pl\/wp-content\/uploads\/2025\/10\/IMG_2742.gif\" alt=\"\" width=\"300\" height=\"194\" class=\"alignnone size-full wp-image-111\" \/><\/p>\n<p>Konto bankowe jak i karta debetowa s\u0105 bezwarunkowo darmowe.<\/p>\n<\/div>\n<p><img loading=\"lazy\" decoding=\"async\" src=\"https:\/\/beatasobieraj.xaa.pl\/wp-content\/uploads\/2025\/10\/IMG_2743.png\" alt=\"\" width=\"300\" height=\"169\" class=\"alignnone size-full wp-image-112\" \/><\/p>\n<\/div>\n<p>Konto jest bezwarunkowo darmowe.<\/p>\n<\/div>\n<p><img loading=\"lazy\" decoding=\"async\" src=\"https:\/\/beatasobieraj.xaa.pl\/wp-content\/uploads\/2025\/10\/IMG_3046-300x300.png\" alt=\"\" width=\"300\" height=\"300\" class=\"alignnone size-medium wp-image-114\" srcset=\"https:\/\/beatasobieraj.xaa.pl\/wp-content\/uploads\/2025\/10\/IMG_3046-300x300.png 300w, https:\/\/beatasobieraj.xaa.pl\/wp-content\/uploads\/2025\/10\/IMG_3046-150x150.png 150w, https:\/\/beatasobieraj.xaa.pl\/wp-content\/uploads\/2025\/10\/IMG_3046.png 554w\" sizes=\"(max-width: 300px) 100vw, 300px\" \/><\/p>\n<div data-crb-p=\"\">\n<ul>\n<li><span><strong><span style=\"color: #448585;\">0 z\u0142<\/span><\/strong> za konto<\/span><\/li>\n<li><span><strong><span style=\"color: #448585;\">0 z\u0142<\/span><\/strong> za kart\u0119 debetow\u0105 tylko wtedy, je\u015bli wykonasz kart\u0105 lub BLIKiem min. <\/span><span style=\"color: #448585;\"><strong>5 transakcji<\/strong><\/span><span>, w innym przypadku jest pobierana op\u0142ata <\/span><span style=\"color: #448585;\"><strong>7 z\u0142.<\/strong><\/span><br \/>\n<span style=\"color: #448585;\"><strong>TEN WARUNEK OBOWI\u0104ZUJE ZAR\u00d3WNO KA\u017bD\u0104 OSOB\u0118 POWY\u017bEJ I PONI\u017bEJ 26 R.\u017b.<\/strong><\/span><\/li>\n<\/ul>\n<\/div>\n<p><img loading=\"lazy\" decoding=\"async\" src=\"https:\/\/beatasobieraj.xaa.pl\/wp-content\/uploads\/2025\/10\/IMG_3045-300x156.jpg\" alt=\"\" width=\"300\" height=\"156\" class=\"alignnone size-medium wp-image-113\" srcset=\"https:\/\/beatasobieraj.xaa.pl\/wp-content\/uploads\/2025\/10\/IMG_3045-300x156.jpg 300w, https:\/\/beatasobieraj.xaa.pl\/wp-content\/uploads\/2025\/10\/IMG_3045-1024x532.jpg 1024w, https:\/\/beatasobieraj.xaa.pl\/wp-content\/uploads\/2025\/10\/IMG_3045-768x399.jpg 768w, https:\/\/beatasobieraj.xaa.pl\/wp-content\/uploads\/2025\/10\/IMG_3045.jpg 1200w\" sizes=\"(max-width: 300px) 100vw, 300px\" \/><\/p>\n<p>Aby konto by\u0142o darmowe wykonaj <span style=\"color: #448585;\"><strong>5 p\u0142atno\u015bci kart\u0105<\/strong><\/span> (mog\u0105 to by\u0107 drobne p\u0142atno\u015bci na 5 bu\u0142ek, za ka\u017cd\u0105 zap\u0142aci\u0107 oddzielnie) w przeciwnym pazie op\u0142ata za konto wynosi <span style=\"color: #448585;\"><strong>10z\u0142<\/strong><\/span><\/p>\n<p><span style=\"color: #448585;\"><strong>TEN WARUNEK OBOWI\u0104ZUJE ZAR\u00d3WNO KA\u017bD\u0104 OSOB\u0118 POWY\u017bEJ I PONI\u017bEJ 26 R.\u017b.<\/strong><\/span><\/p>\n<p><img loading=\"lazy\" decoding=\"async\" src=\"https:\/\/beatasobieraj.xaa.pl\/wp-content\/uploads\/2025\/10\/IMG_2741.png\" alt=\"\" width=\"260\" height=\"135\" class=\"alignnone size-full wp-image-110\" \/><\/p>\n<p><strong><span style=\"color: #448585;\">Prowadzenie konta w obu przypadkach 0 z\u0142.<\/span><\/strong><\/p>\n<p><span style=\"color: #448585;\"><strong>KARTA:<\/strong><\/span><\/p>\n<ul>\n<li>Osoby <span style=\"color: #448585;\"><strong>poni\u017cej<\/strong><\/span> 26 r.\u017c.\u00a0 \u00a0\u2014-&gt; <span style=\"color: #448585;\"><strong>1 transakcja<\/strong><\/span> kart\u0105 lub BLIK w miesi\u0105cu (w przeciwnym wypadku op\u0142ata wynosi <span style=\"color: #448585;\"><strong>5z\u0142<\/strong><\/span>\/mies.)<\/li>\n<li>Osoby <span style=\"color: #448585;\"><strong>powy\u017cej<\/strong><\/span> 26 r.\u017c. \u2014-&gt;\u00a0 <span style=\"color: #448585;\"><strong>5<\/strong><\/span><span><span style=\"color: #448585;\"><strong>\u00a0p\u0142atno\u015bci<\/strong><\/span> kart\u0105 do konta lub BLIKIEM w miesi\u0105cu. (w przeciwnym wypadku op\u0142ata wynosi<span style=\"color: #448585;\"><strong>11z\u0142<\/strong><\/span>\/mies.)\u00a0<\/span><\/li>\n<\/ul>\n<p><strong><span style=\"color: #448585;\">OP\u0141ATA NIE JEST POBIERANA PRZEZ PIERWSZE DWA MIESI\u0104CE OD WYDANIA KARTY\/BLIK!<\/span><\/strong><\/p>\n<\/div>\n<p><img loading=\"lazy\" decoding=\"async\" src=\"https:\/\/beatasobieraj.xaa.pl\/wp-content\/uploads\/2025\/10\/IMG_2738.png\" alt=\"\" width=\"300\" height=\"205\" class=\"alignnone size-full wp-image-108\" \/><\/p>\n<p><span style=\"color: #448585;\"><strong>KONTO JAKIE CHCE\u00a0 poni\u017cej 26 roku:<\/strong><\/span><\/p>\n<ul>\n<li>0 z\u0142 za konto<\/li>\n<li>0 z\u0142 za karta je\u017celi zrobisz <strong><span style=\"color: #448585;\">1 TRANSAKCJ\u0118 KART\u0104\/BLIK <\/span><\/strong>(w przeciwnym wypadku op\u0142ata wyniesie <span style=\"color: #448585;\"><strong>9 z\u0142<\/strong><\/span>\/mies.).\u00a0 Kart\u0119 mo\u017cna zastrzec je\u015bli nie korzystasz z bonus\u00f3w.<\/li>\n<\/ul>\n<p><span style=\"color: #448585;\"><strong>KONTO JAKIE CHC\u0118\u00a0 powy\u017cej 26 roku:<\/strong><\/span><\/p>\n<ul>\n<li>0 z\u0142 konto i karta, je\u017celi dokonasz zakup\u00f3w za <span style=\"color: #448585;\"><strong>min 300 z\u0142<\/strong><\/span> (karta lub blik) \u2013 (w przeciwnym wypadku op\u0142ata wyniesie <span style=\"color: #448585;\"><strong>6 z\u0142<\/strong><\/span>\/mies za prowadzenie konta i <span style=\"color: #448585;\"><strong>9 z\u0142<\/strong><\/span>\/mies za kart\u0119.)<\/li>\n<\/ul>\n<p>Oczywi\u015bcie je\u017celi nie korzystasz z bonus\u00f3w, w kolejnym miesi\u0105cu mo\u017cesz zamkn\u0105\u0107 to konto <strong><span style=\"color: #448585;\">WARTO JEDANK POWALCZY\u0106 O BONUS I DOPIERO ZAMKN\u0104\u0106!<\/span><\/strong><\/p>\n<div class=\"zMgcWd dSKvsb\" data-il=\"\">\n<div data-crb-p=\"\">\n<p><img loading=\"lazy\" decoding=\"async\" src=\"https:\/\/beatasobieraj.xaa.pl\/wp-content\/uploads\/2025\/10\/IMG_2737.jpg\" alt=\"\" width=\"300\" height=\"135\" class=\"alignnone size-full wp-image-107\" \/><\/p>\n<p><span style=\"color: #448585;\"><strong>Konto dla M\u0142odych poni\u017cej 24 ROKU \u017bYCIA:<\/strong><\/span><\/p>\n<ul>\n<li>0 z\u0142 za kart\u0119 i konto<\/li>\n<\/ul>\n<p><span style=\"color: #448585;\"><strong>EKONTO OSOBISTE powy\u017cej 24 r\u017c:<\/strong><\/span><\/p>\n<ul>\n<li>0 z\u0142 za konto<\/li>\n<li>0 z\u0142 za karta je\u017celi dokonasz zakup\u00f3w za<span style=\"color: #448585;\"><strong> min 350 z\u0142<\/strong><\/span> w ka\u017cdym miesi\u0105cu (w przeciwnym wypadku op\u0142ata wyniesie <span style=\"color: #448585;\"><strong>9 z\u0142<\/strong><\/span>)<\/li>\n<\/ul>\n<p><strong><span style=\"color: #448585;\">Je\u015bli nie chcesz robi\u0107 zakup\u00f3w na 350 z\u0142 kart\u0119 mo\u017cesz zastrzec w aplikacji i wtedy konto jest za 0z\u0142.<\/span><\/strong><\/p>\n<p><img loading=\"lazy\" decoding=\"async\" src=\"https:\/\/beatasobieraj.xaa.pl\/wp-content\/uploads\/2025\/10\/IMG_2736.jpg\" alt=\"\" width=\"231\" height=\"130\" class=\"alignnone size-full wp-image-106\" \/><\/p>\n<p><span><span style=\"color: #448585;\"><strong>Do 26 roku \u017cycia<\/strong><\/span>\u2013 konto jest ca\u0142kowicie za darmo<\/span><\/p>\n<p><span style=\"color: #448585;\"><strong>Po 26 roku \u017cycia<\/strong><\/span> op\u0142aty pomijamy poprzez <span style=\"color: #448585;\"><strong>wp\u0142yw<\/strong><\/span> na konto <span style=\"color: #448585;\"><strong>min 500z\u0142<\/strong><\/span>i zrobienie <span style=\"color: #448585;\"><strong>jednej transakcji kart\u0105<\/strong><\/span> miesi\u0119cznie (w innym wypadku op\u0142ata wyniesie <span style=\"color: #448585;\"><strong>4 z\u0142<\/strong><\/span>)<\/p>\n<p><strong><span style=\"color: #448585;\">Mo\u017cna zastrzec kart\u0119 i konto b\u0119dzie ca\u0142kowicie za darmo.<\/span><\/strong><\/p>\n<\/div>\n<\/div>\n<\/div>\n<hr \/>\n<div class=\"RJPOee EIJn2\">\n<div class=\"zMgcWd dSKvsb\" data-il=\"\">\n<h3 style=\"text-align: center;\"><span style=\"color: #448585;\">POWODZENIA!<\/span><\/h3>\n<\/div>\n<\/div>\n<\/div>\n","protected":false},"excerpt":{"rendered":"<p>Jak unikn\u0105\u0107 op\u0142at za konta? &nbsp; Ka\u017cdy bank posiada swoje zasady aktywnego korzystania z ich kont osobistych. W momencie nie korzystania z konta, banki mog\u0105 nalicza\u0107 sobie drobne op\u0142aty co miesi\u0105c. W miesi\u0105cu otwarcia konta bank nie pobiera \u017cadnych op\u0142at. Dopiero od drugiego miesi\u0105ca mog\u0105 by\u0107 pobierane op\u0142aty. Ale spokojnie,<a class=\"moretag\" href=\"https:\/\/beatasobieraj.xaa.pl\/index.php\/oplaty-za-konta\/\"> Read more<\/a><\/p>\n","protected":false},"author":1,"featured_media":0,"parent":0,"menu_order":0,"comment_status":"closed","ping_status":"closed","template":"","meta":{"footnotes":""},"class_list":["post-82","page","type-page","status-publish","hentry"],"_links":{"self":[{"href":"https:\/\/beatasobieraj.xaa.pl\/index.php\/wp-json\/wp\/v2\/pages\/82","targetHints":{"allow":["GET"]}}],"collection":[{"href":"https:\/\/beatasobieraj.xaa.pl\/index.php\/wp-json\/wp\/v2\/pages"}],"about":[{"href":"https:\/\/beatasobieraj.xaa.pl\/index.php\/wp-json\/wp\/v2\/types\/page"}],"author":[{"embeddable":true,"href":"https:\/\/beatasobieraj.xaa.pl\/index.php\/wp-json\/wp\/v2\/users\/1"}],"replies":[{"embeddable":true,"href":"https:\/\/beatasobieraj.xaa.pl\/index.php\/wp-json\/wp\/v2\/comments?post=82"}],"version-history":[{"count":3,"href":"https:\/\/beatasobieraj.xaa.pl\/index.php\/wp-json\/wp\/v2\/pages\/82\/revisions"}],"predecessor-version":[{"id":115,"href":"https:\/\/beatasobieraj.xaa.pl\/index.php\/wp-json\/wp\/v2\/pages\/82\/revisions\/115"}],"wp:attachment":[{"href":"https:\/\/beatasobieraj.xaa.pl\/index.php\/wp-json\/wp\/v2\/media?parent=82"}],"curies":[{"name":"wp","href":"https:\/\/api.w.org\/{rel}","templated":true}]}}